{"id":3300,"date":"2024-11-25T09:34:16","date_gmt":"2024-11-25T09:34:16","guid":{"rendered":"https:\/\/artizani.modeltheme.com\/?post_type=product&#038;p=3300"},"modified":"2026-02-19T12:16:55","modified_gmt":"2026-02-19T12:16:55","slug":"decorative-indoor","status":"publish","type":"product","link":"https:\/\/krukverket.se\/?product=decorative-indoor","title":{"rendered":"Atlas &#8211; Grand Terracotta Planter"},"content":{"rendered":"<p>Atlas ?r skapad som en trygg bas f?r st?rre v?xter ? en kraftfull terrakottakruka med gener?s volym och stabil form. Den fungerar lika bra till solit?ra gr?na v?xter som till mindre tr?d och buskar i kruka.<\/p>\n<p>Terrakottan l?ter jorden andas och bidrar till en naturlig balans i fukten runt r?tterna. Varje kruka formas och efterbearbetas f?r hand, vilket ger ett levande uttryck med subtila sp?r av verktyg och h?nder.<\/p>\n<p>Detaljer<br \/>\n&#8211; Stor terrakottakruka f?r medelstora till st?rre v?xter<br \/>\n&#8211; Stadig form som ger bra st?d ?t tyngre v?xter<br \/>\n&#8211; Naturlig, por?s lera som l?ter jorden andas<br \/>\n&#8211; Passar i ljusa h?rn, vid f?nster eller i st?rre rum<br \/>\n&#8211; Handgjord ? varje kruka har sin egen struktur och f?rgskiftning<\/p>\n","protected":false},"excerpt":{"rendered":"<p>Stor terrakottakruka med stabil design,perfekt f\u00f6r st\u00f6rre v\u00e4xter .<\/p>\n<p>Endast avh\u00e4mtning eller specialleverans.<\/p>\n<p>Kontakta oss innan best\u00e4llning.<\/p>\n","protected":false},"featured_media":5249,"comment_status":"open","ping_status":"closed","template":"","meta":[],"product_brand":[],"product_cat":[30,35,79],"product_tag":[60,63,70,71],"class_list":{"0":"post-3300","1":"product","2":"type-product","3":"status-publish","4":"has-post-thumbnail","6":"product_cat-ceramic","7":"product_cat-handmade","8":"product_cat-kruka-vaser","9":"product_tag-handgjord-keramik","10":"product_tag-krukverket","11":"product_tag-stor-kruka","12":"product_tag-terrakotta","13":"product_shipping_class-stor","15":"first","16":"instock","17":"taxable","18":"shipping-taxable","19":"product-type-external","20":"artizani-col"},"_links":{"self":[{"href":"https:\/\/krukverket.se\/index.php?rest_route=\/wp\/v2\/product\/3300","targetHints":{"allow":["GET"]}}],"collection":[{"href":"https:\/\/krukverket.se\/index.php?rest_route=\/wp\/v2\/product"}],"about":[{"href":"https:\/\/krukverket.se\/index.php?rest_route=\/wp\/v2\/types\/product"}],"replies":[{"embeddable":true,"href":"https:\/\/krukverket.se\/index.php?rest_route=%2Fwp%2Fv2%2Fcomments&post=3300"}],"wp:featuredmedia":[{"embeddable":true,"href":"https:\/\/krukverket.se\/index.php?rest_route=\/wp\/v2\/media\/5249"}],"wp:attachment":[{"href":"https:\/\/krukverket.se\/index.php?rest_route=%2Fwp%2Fv2%2Fmedia&parent=3300"}],"wp:term":[{"taxonomy":"product_brand","embeddable":true,"href":"https:\/\/krukverket.se\/index.php?rest_route=%2Fwp%2Fv2%2Fproduct_brand&post=3300"},{"taxonomy":"product_cat","embeddable":true,"href":"https:\/\/krukverket.se\/index.php?rest_route=%2Fwp%2Fv2%2Fproduct_cat&post=3300"},{"taxonomy":"product_tag","embeddable":true,"href":"https:\/\/krukverket.se\/index.php?rest_route=%2Fwp%2Fv2%2Fproduct_tag&post=3300"}],"curies":[{"name":"wp","href":"https:\/\/api.w.org\/{rel}","templated":true}]}}