{"id":5424,"date":"2026-02-28T12:59:30","date_gmt":"2026-02-28T12:59:30","guid":{"rendered":"https:\/\/krukverket.se\/?post_type=product&#038;p=5424"},"modified":"2026-02-28T12:59:30","modified_gmt":"2026-02-28T12:59:30","slug":"oas","status":"publish","type":"product","link":"https:\/\/krukverket.se\/?product=oas","title":{"rendered":"OAS"},"content":{"rendered":"<p data-start=\"239\" data-end=\"257\">\n<blockquote data-start=\"259\" data-end=\"495\">\n<p data-start=\"261\" data-end=\"495\">Handgjord terrakottakruka i klassisk medelhavsstil.<br data-start=\"312\" data-end=\"315\" \/>Den rustika ytan och den tidl\u00f6sa formen skapar en varm och naturlig k\u00e4nsla \u2014 perfekt f\u00f6r b\u00e5de hem och tr\u00e4dg\u00e5rd.<br data-start=\"428\" data-end=\"431\" \/>Varje kruka \u00e4r unik och tillverkad med traditionellt hantverk.<\/p>\n<\/blockquote>\n","protected":false},"excerpt":{"rendered":"<p>&nbsp;<\/p>\n<p>&nbsp;<\/p>\n<p>&nbsp;<\/p>\n<p>&nbsp;<\/p>\n<p>&nbsp;<\/p>\n<p>&nbsp;<\/p>\n<p>&nbsp;<\/p>\n<p>&nbsp;<\/p>\n<p>&nbsp;<\/p>\n<p>&nbsp;<\/p>\n<p>&nbsp;<\/p>\n<h1 style=\"text-align: left;\"><\/h1>\n<hr \/>\n<hr \/>\n<hr \/>\n<p>&nbsp;<\/p>\n<p>&nbsp;<\/p>\n<p><img fetchpriority=\"high\" decoding=\"async\" class=\"alignnone size-medium wp-image-5425\" src=\"https:\/\/krukverket.se\/wp-content\/uploads\/2026\/02\/file_00000000056c7246bd7713c02dcb3cc3-200x300.png\" alt=\"\" width=\"200\" height=\"300\" srcset=\"https:\/\/krukverket.se\/wp-content\/uploads\/2026\/02\/file_00000000056c7246bd7713c02dcb3cc3-200x300.png 200w, https:\/\/krukverket.se\/wp-content\/uploads\/2026\/02\/file_00000000056c7246bd7713c02dcb3cc3-683x1024.png 683w, https:\/\/krukverket.se\/wp-content\/uploads\/2026\/02\/file_00000000056c7246bd7713c02dcb3cc3-768x1152.png 768w, https:\/\/krukverket.se\/wp-content\/uploads\/2026\/02\/file_00000000056c7246bd7713c02dcb3cc3-600x900.png 600w, https:\/\/krukverket.se\/wp-content\/uploads\/2026\/02\/file_00000000056c7246bd7713c02dcb3cc3.png 1024w\" sizes=\"(max-width: 200px) 100vw, 200px\" \/><\/p>\n<p>&nbsp;<\/p>\n","protected":false},"featured_media":5425,"comment_status":"open","ping_status":"closed","template":"","meta":[],"product_brand":[103],"product_cat":[30,35,79,39],"product_tag":[61,62,81,80],"class_list":{"0":"post-5424","1":"product","2":"type-product","3":"status-publish","4":"has-post-thumbnail","6":"product_brand-krukverket","7":"product_cat-ceramic","8":"product_cat-handmade","9":"product_cat-kruka-vaser","10":"product_cat-pottery","11":"product_tag-blomkruka","12":"product_tag-inomhuskruka","13":"product_tag-tradgard","14":"product_tag-utomhuskruka","15":"product_shipping_class-mellan","17":"first","18":"instock","19":"taxable","20":"shipping-taxable","21":"purchasable","22":"product-type-simple","23":"artizani-col"},"_links":{"self":[{"href":"https:\/\/krukverket.se\/index.php?rest_route=\/wp\/v2\/product\/5424","targetHints":{"allow":["GET"]}}],"collection":[{"href":"https:\/\/krukverket.se\/index.php?rest_route=\/wp\/v2\/product"}],"about":[{"href":"https:\/\/krukverket.se\/index.php?rest_route=\/wp\/v2\/types\/product"}],"replies":[{"embeddable":true,"href":"https:\/\/krukverket.se\/index.php?rest_route=%2Fwp%2Fv2%2Fcomments&post=5424"}],"wp:featuredmedia":[{"embeddable":true,"href":"https:\/\/krukverket.se\/index.php?rest_route=\/wp\/v2\/media\/5425"}],"wp:attachment":[{"href":"https:\/\/krukverket.se\/index.php?rest_route=%2Fwp%2Fv2%2Fmedia&parent=5424"}],"wp:term":[{"taxonomy":"product_brand","embeddable":true,"href":"https:\/\/krukverket.se\/index.php?rest_route=%2Fwp%2Fv2%2Fproduct_brand&post=5424"},{"taxonomy":"product_cat","embeddable":true,"href":"https:\/\/krukverket.se\/index.php?rest_route=%2Fwp%2Fv2%2Fproduct_cat&post=5424"},{"taxonomy":"product_tag","embeddable":true,"href":"https:\/\/krukverket.se\/index.php?rest_route=%2Fwp%2Fv2%2Fproduct_tag&post=5424"}],"curies":[{"name":"wp","href":"https:\/\/api.w.org\/{rel}","templated":true}]}}