{"id":5429,"date":"2026-02-28T14:35:56","date_gmt":"2026-02-28T14:35:56","guid":{"rendered":"https:\/\/krukverket.se\/?post_type=product&#038;p=5429"},"modified":"2026-02-28T14:35:56","modified_gmt":"2026-02-28T14:35:56","slug":"dune","status":"publish","type":"product","link":"https:\/\/krukverket.se\/?product=dune","title":{"rendered":"DUNE"},"content":{"rendered":"<p>Handgjord terrakottakruka inspirerad av sanddynernas mjuka former. Den naturliga, rustika ytan ger en varm och tidl\u00f6s k\u00e4nsla som passar perfekt i b\u00e5da moderna och klassiska milj\u00f6er, inne s\u00e5v\u00e4l som ute . Varje kruka \u00e4r unik och tillverkad med traditionellt hantverk.<\/p>\n","protected":false},"excerpt":{"rendered":"<p>Handgjord terrakottakruka inspirerad av sanddynernas mjuka former en naturlig och stilren detalj f\u00f6r b\u00e5de hem och tr\u00e4dg\u00e5rd.<\/p>\n","protected":false},"featured_media":5430,"comment_status":"open","ping_status":"closed","template":"","meta":[],"product_brand":[],"product_cat":[30,35,79,39],"product_tag":[],"class_list":{"0":"post-5429","1":"product","2":"type-product","3":"status-publish","4":"has-post-thumbnail","6":"product_cat-ceramic","7":"product_cat-handmade","8":"product_cat-kruka-vaser","9":"product_cat-pottery","11":"first","12":"instock","13":"taxable","14":"shipping-taxable","15":"purchasable","16":"product-type-simple","17":"artizani-col"},"_links":{"self":[{"href":"https:\/\/krukverket.se\/index.php?rest_route=\/wp\/v2\/product\/5429","targetHints":{"allow":["GET"]}}],"collection":[{"href":"https:\/\/krukverket.se\/index.php?rest_route=\/wp\/v2\/product"}],"about":[{"href":"https:\/\/krukverket.se\/index.php?rest_route=\/wp\/v2\/types\/product"}],"replies":[{"embeddable":true,"href":"https:\/\/krukverket.se\/index.php?rest_route=%2Fwp%2Fv2%2Fcomments&post=5429"}],"wp:featuredmedia":[{"embeddable":true,"href":"https:\/\/krukverket.se\/index.php?rest_route=\/wp\/v2\/media\/5430"}],"wp:attachment":[{"href":"https:\/\/krukverket.se\/index.php?rest_route=%2Fwp%2Fv2%2Fmedia&parent=5429"}],"wp:term":[{"taxonomy":"product_brand","embeddable":true,"href":"https:\/\/krukverket.se\/index.php?rest_route=%2Fwp%2Fv2%2Fproduct_brand&post=5429"},{"taxonomy":"product_cat","embeddable":true,"href":"https:\/\/krukverket.se\/index.php?rest_route=%2Fwp%2Fv2%2Fproduct_cat&post=5429"},{"taxonomy":"product_tag","embeddable":true,"href":"https:\/\/krukverket.se\/index.php?rest_route=%2Fwp%2Fv2%2Fproduct_tag&post=5429"}],"curies":[{"name":"wp","href":"https:\/\/api.w.org\/{rel}","templated":true}]}}